{"id":22,"date":"2012-01-02T18:42:58","date_gmt":"2012-01-02T17:42:58","guid":{"rendered":"http:\/\/forsthausknirpse.de\/index.php\/info\/"},"modified":"2023-01-01T23:56:13","modified_gmt":"2023-01-01T22:56:13","slug":"info","status":"publish","type":"page","link":"https:\/\/forsthausknirpse.de\/index.php\/info\/","title":{"rendered":"Info"},"content":{"rendered":"<h2><span style=\"color: #003300;\"><strong>Was es Neues f\u00fcr die Knirpse gibt:<\/strong><span style=\"font-size: small;\"><br \/>\n<\/span><\/span><\/h2>\n<p><span style=\"color: #003300;\"><strong>\u00a0<\/strong><\/span><\/p>\n<p><span style=\"font-size: small;\"><span style=\"color: #008000;\"><span style=\"color: #000000;\">Dienstag, 29. Mai 2018<br \/>\n<\/span><\/span><\/span><\/p>\n<p><span style=\"color: #666699;\"><strong><span style=\"font-size: small;\">Diese Sitzbank ist jetzt ein toller Forsthausknirpsen-Tisch<\/span><\/strong><\/span><\/p>\n<p><span style=\"color: #666699;\"><strong><span style=\"font-size: small;\"><img fetchpriority=\"high\" decoding=\"async\" class=\" size-full wp-image-13\" src=\"http:\/\/forsthausknirpse.de\/wp-content\/uploads\/2012\/01\/fhk_draussen-tisch-9.jpg\" alt=\"\" width=\"700\" height=\"468\" border=\"0\" srcset=\"https:\/\/forsthausknirpse.de\/wp-content\/uploads\/2012\/01\/fhk_draussen-tisch-9.jpg 700w, https:\/\/forsthausknirpse.de\/wp-content\/uploads\/2012\/01\/fhk_draussen-tisch-9-300x201.jpg 300w\" sizes=\"(max-width: 700px) 100vw, 700px\" \/><\/span><\/strong><\/span><\/p>\n<p><span style=\"font-size: small;\"><span style=\"color: #008000;\"><span style=\"color: #000000;\">Donnerstag, 13. Juli 2017<\/span><\/span><\/span><\/p>\n<p><span style=\"color: #008000;\"><strong><span style=\"font-size: small;\">Diese Seile geben eine tolle Schaukelm\u00f6glichkeit f\u00fcr die gr\u00f6sseren Forsthausknirpse ab<\/span><\/strong><\/span><\/p>\n<p><span style=\"color: #008000;\"><strong><span style=\"font-size: small;\"><img decoding=\"async\" class=\" size-full wp-image-14\" src=\"http:\/\/forsthausknirpse.de\/wp-content\/uploads\/2012\/01\/fhk_seil-schaukel-1.jpg\" alt=\"\" width=\"700\" height=\"467\" border=\"0\" srcset=\"https:\/\/forsthausknirpse.de\/wp-content\/uploads\/2012\/01\/fhk_seil-schaukel-1.jpg 700w, https:\/\/forsthausknirpse.de\/wp-content\/uploads\/2012\/01\/fhk_seil-schaukel-1-300x200.jpg 300w\" sizes=\"(max-width: 700px) 100vw, 700px\" \/><\/span><\/strong><\/span><\/p>\n<p><span style=\"font-size: small;\"><span style=\"color: #008000;\"><span style=\"color: #000000;\">Montag, 10. Juli 2016<br \/>\n<\/span><\/span><\/span><\/p>\n<p><span style=\"color: #008080;\"><strong><span style=\"font-size: small;\">Das Trampolin geh\u00f6rt jetzt der Forsthaus-Fee!<\/span><\/strong><\/span><\/p>\n<p><span style=\"color: #008080;\"><strong><span style=\"font-size: small;\"><img decoding=\"async\" class=\" size-full wp-image-15\" src=\"http:\/\/forsthausknirpse.de\/wp-content\/uploads\/2012\/01\/fhk_trampolin-unser-5.jpg\" alt=\"\" width=\"700\" height=\"467\" border=\"0\" srcset=\"https:\/\/forsthausknirpse.de\/wp-content\/uploads\/2012\/01\/fhk_trampolin-unser-5.jpg 700w, https:\/\/forsthausknirpse.de\/wp-content\/uploads\/2012\/01\/fhk_trampolin-unser-5-300x200.jpg 300w\" sizes=\"(max-width: 700px) 100vw, 700px\" \/><\/span><\/strong><\/span><\/p>\n<p><span style=\"font-size: small;\"><span style=\"color: #008000;\"><span style=\"color: #000000;\">Donnerstag, 16. Juni 2016<br \/>\n<\/span><\/span><\/span><\/p>\n<p><span style=\"color: #ff0000;\"><strong>Hurra, eine neue Doppelschaukel ist da!!!!<\/strong><span style=\"font-size: small;\"><br \/>\n<\/span><\/span><\/p>\n<p><span style=\"color: #ff0000;\"><strong><img loading=\"lazy\" decoding=\"async\" class=\" size-full wp-image-16\" src=\"http:\/\/forsthausknirpse.de\/wp-content\/uploads\/2012\/01\/fhk_doppelschaukel_pferd_-1.jpg\" alt=\"\" width=\"600\" height=\"401\" border=\"0\" srcset=\"https:\/\/forsthausknirpse.de\/wp-content\/uploads\/2012\/01\/fhk_doppelschaukel_pferd_-1.jpg 600w, https:\/\/forsthausknirpse.de\/wp-content\/uploads\/2012\/01\/fhk_doppelschaukel_pferd_-1-300x201.jpg 300w\" sizes=\"(max-width: 600px) 100vw, 600px\" \/><\/strong><\/span><\/p>\n<p><span style=\"font-size: small;\"><span style=\"color: #008000;\"><span style=\"color: #000000;\">Mittwoch, 8. Juni 2016<br \/>\n<\/span><\/span><\/span><\/p>\n<p><span style=\"color: #008000;\"><span style=\"color: #000000;\"><strong>Jede L\u00fccke genutzt: Endausbaustufe mit acht Sch\u00fcsseln<\/strong><\/span><\/span><span style=\"font-size: small;\"><span style=\"color: #008000;\"><span style=\"color: #000000;\"><br \/>\n<\/span><\/span><\/span><\/p>\n<p><span style=\"color: #008000;\"><span style=\"color: #000000;\"><strong><img loading=\"lazy\" decoding=\"async\" class=\" size-full wp-image-17\" src=\"http:\/\/forsthausknirpse.de\/wp-content\/uploads\/2012\/01\/fhk_schuessel_03.jpg\" alt=\"\" width=\"600\" height=\"401\" border=\"0\" srcset=\"https:\/\/forsthausknirpse.de\/wp-content\/uploads\/2012\/01\/fhk_schuessel_03.jpg 600w, https:\/\/forsthausknirpse.de\/wp-content\/uploads\/2012\/01\/fhk_schuessel_03-300x201.jpg 300w\" sizes=\"(max-width: 600px) 100vw, 600px\" \/><\/strong><\/span><\/span><\/p>\n<p><span style=\"font-size: small;\"><span style=\"color: #008000;\"><span style=\"color: #000000;\">Dienstag, 7. Juni 2016<br \/>\n<\/span><\/span><\/span><\/p>\n<p><span style=\"color: #333399;\"><strong>Erweiterung zur &#8222;Waschstrasse&#8220; mit sechs Sch\u00fcsseln <span style=\"color: #ff6600;\">und<\/span><span style=\"font-size: small;\"><br \/>\n<\/span><\/strong><\/span><\/p>\n<p><span style=\"color: #333399;\"><strong><img loading=\"lazy\" decoding=\"async\" class=\" size-full wp-image-18\" src=\"http:\/\/forsthausknirpse.de\/wp-content\/uploads\/2012\/01\/fhk_schuessel_02.jpg\" alt=\"\" width=\"600\" height=\"401\" border=\"0\" srcset=\"https:\/\/forsthausknirpse.de\/wp-content\/uploads\/2012\/01\/fhk_schuessel_02.jpg 600w, https:\/\/forsthausknirpse.de\/wp-content\/uploads\/2012\/01\/fhk_schuessel_02-300x201.jpg 300w\" sizes=\"(max-width: 600px) 100vw, 600px\" \/><br \/>\n<\/strong><\/span><\/p>\n<p><span style=\"color: #333399;\"><strong><span style=\"color: #ff6600;\">jetzt die passenden <span style=\"color: #ffcc00;\">Gartenst\u00fchle<\/span> f\u00fcr ein FULL-House <img decoding=\"async\" title=\"Lachend\" src=\"media\/editors\/tinymce\/jscripts\/tiny_mce\/plugins\/emotions\/img\/smiley-laughing.gif\" alt=\"Lachend\" border=\"0\" \/><\/span><br \/>\n<\/strong><\/span><\/p>\n<p><span style=\"color: #333399;\"><strong><span style=\"color: #ff6600;\"><img loading=\"lazy\" decoding=\"async\" class=\" size-full wp-image-19\" src=\"http:\/\/forsthausknirpse.de\/wp-content\/uploads\/2012\/01\/fhk_five_seat_6.jpg\" alt=\"\" width=\"600\" height=\"401\" border=\"0\" srcset=\"https:\/\/forsthausknirpse.de\/wp-content\/uploads\/2012\/01\/fhk_five_seat_6.jpg 600w, https:\/\/forsthausknirpse.de\/wp-content\/uploads\/2012\/01\/fhk_five_seat_6-300x201.jpg 300w\" sizes=\"(max-width: 600px) 100vw, 600px\" \/><\/span><\/strong><\/span><\/p>\n<p><span style=\"color: #333399;\"><strong><span style=\"color: #ff6600;\">\u00a0<\/span><\/strong><\/span><\/p>\n<p><span style=\"font-size: small;\"><span style=\"color: #008000;\"><span style=\"color: #000000;\">Montag, 6. Juni 2016<br \/>\n<\/span><\/span><\/span><\/p>\n<p><strong><span style=\"color: #999999;\">Spontane Kreation der Waschsch\u00fcssel-Station wird zur Attraktion<\/span><span style=\"font-size: small;\"><span style=\"color: #008000;\"><span style=\"color: #000000;\"><br \/>\n<\/span><\/span><\/span><\/strong><\/p>\n<p><strong><span style=\"color: #999999;\"><img loading=\"lazy\" decoding=\"async\" class=\" size-full wp-image-20\" src=\"http:\/\/forsthausknirpse.de\/wp-content\/uploads\/2012\/01\/fhk_schuessel_01.jpg\" alt=\"\" width=\"600\" height=\"401\" border=\"0\" srcset=\"https:\/\/forsthausknirpse.de\/wp-content\/uploads\/2012\/01\/fhk_schuessel_01.jpg 600w, https:\/\/forsthausknirpse.de\/wp-content\/uploads\/2012\/01\/fhk_schuessel_01-300x201.jpg 300w\" sizes=\"(max-width: 600px) 100vw, 600px\" \/><\/span><\/strong><\/p>\n<p><span style=\"font-size: small;\"><span style=\"color: #008000;\"><span style=\"color: #000000;\">Freitag, 8. Januar 2016<br \/>\n<\/span><\/span><\/span><\/p>\n<p><span style=\"color: #003300;\"><strong>Mit diesen tollen B\u00e4ren ist nun klar, welche M\u00fctze von wem war<\/strong><span style=\"font-size: small;\"> <img decoding=\"async\" title=\"Zwinkernd\" src=\"media\/editors\/tinymce\/jscripts\/tiny_mce\/plugins\/emotions\/img\/smiley-wink.gif\" alt=\"Zwinkernd\" border=\"0\" \/><br \/>\n<\/span><\/span><\/p>\n<p><span style=\"color: #003300;\"><span style=\"font-size: small;\"><img loading=\"lazy\" decoding=\"async\" class=\" size-full wp-image-21\" src=\"http:\/\/forsthausknirpse.de\/wp-content\/uploads\/2012\/01\/fhk_baerenmuetzen.jpg\" alt=\"\" width=\"600\" height=\"401\" border=\"0\" srcset=\"https:\/\/forsthausknirpse.de\/wp-content\/uploads\/2012\/01\/fhk_baerenmuetzen.jpg 600w, https:\/\/forsthausknirpse.de\/wp-content\/uploads\/2012\/01\/fhk_baerenmuetzen-300x201.jpg 300w\" sizes=\"(max-width: 600px) 100vw, 600px\" \/><\/span><\/span><\/p>\n","protected":false},"excerpt":{"rendered":"<p>Was es Neues f\u00fcr die Knirpse gibt: \u00a0 Dienstag, 29. Mai 2018 Diese Sitzbank ist jetzt ein toller Forsthausknirpsen-Tisch Donnerstag, 13. Juli 2017 Diese Seile geben eine tolle Schaukelm\u00f6glichkeit f\u00fcr die gr\u00f6sseren Forsthausknirpse ab Montag, 10. Juli 2016 Das Trampolin geh\u00f6rt jetzt der Forsthaus-Fee! Donnerstag, 16. Juni 2016 Hurra, eine neue Doppelschaukel ist da!!!! Mittwoch, [&hellip;]<\/p>\n","protected":false},"author":1,"featured_media":13,"parent":0,"menu_order":153,"comment_status":"closed","ping_status":"closed","template":"","meta":{"footnotes":""},"class_list":["post-22","page","type-page","status-publish","has-post-thumbnail","hentry","entry","has-media"],"_links":{"self":[{"href":"https:\/\/forsthausknirpse.de\/index.php\/wp-json\/wp\/v2\/pages\/22","targetHints":{"allow":["GET"]}}],"collection":[{"href":"https:\/\/forsthausknirpse.de\/index.php\/wp-json\/wp\/v2\/pages"}],"about":[{"href":"https:\/\/forsthausknirpse.de\/index.php\/wp-json\/wp\/v2\/types\/page"}],"author":[{"embeddable":true,"href":"https:\/\/forsthausknirpse.de\/index.php\/wp-json\/wp\/v2\/users\/1"}],"replies":[{"embeddable":true,"href":"https:\/\/forsthausknirpse.de\/index.php\/wp-json\/wp\/v2\/comments?post=22"}],"version-history":[{"count":0,"href":"https:\/\/forsthausknirpse.de\/index.php\/wp-json\/wp\/v2\/pages\/22\/revisions"}],"wp:featuredmedia":[{"embeddable":true,"href":"https:\/\/forsthausknirpse.de\/index.php\/wp-json\/wp\/v2\/media\/13"}],"wp:attachment":[{"href":"https:\/\/forsthausknirpse.de\/index.php\/wp-json\/wp\/v2\/media?parent=22"}],"curies":[{"name":"wp","href":"https:\/\/api.w.org\/{rel}","templated":true}]}}